{"id":2867,"date":"2022-06-29T14:03:43","date_gmt":"2022-06-29T12:03:43","guid":{"rendered":"https:\/\/www.diemer-weine.com\/weinshop\/?page_id=2790"},"modified":"2025-12-09T11:37:22","modified_gmt":"2025-12-09T10:37:22","slug":"newsetter-anmeldung","status":"publish","type":"page","link":"https:\/\/www.weingut-pauser.de\/weinshop\/newsetter-anmeldung\/","title":{"rendered":"Newsetter-Anmeldung"},"content":{"rendered":"\n<p>Mit unserem Newsletter halten wir Sie regelm\u00e4\u00dfig \u00fcber Neuigkeiten aus unserem Weingut auf dem Laufenden. Freuen Sie sich auf exklusive Einblicke in unseren Weinbau, aktuelle Jahrgangs\u00adinformationen, besondere Aktionen sowie Einladungen zu Veranstaltungen und Verkostungen.<\/p>\n\n\n\n<p>Unser Newsletter erscheint mehrmals im Jahr \u2013 immer dann, wenn es wirklich etwas zu erz\u00e4hlen gibt. <br>Wir freuen uns sehr, Sie k\u00fcnftig zu unseren Abonnentinnen und Abonnenten z\u00e4hlen zu d\u00fcrfen.<\/p>\n\n\n<div class='fluentform ff-default fluentform_wrapper_4  ff_guten_block ff_guten_block-4 ffs_default_wrap'><form data-form_id=\"4\" id=\"fluentform_4\" class=\"frm-fluent-form fluent_form_4 ff-el-form-top ff_form_instance_4_1 ff-form-loading ffs_default\" data-form_instance=\"ff_form_instance_4_1\" method=\"POST\" ><fieldset  style=\"border: none!important;margin: 0!important;padding: 0!important;background-color: transparent!important;box-shadow: none!important;outline: none!important; min-inline-size: 100%;\">\n                    <legend class=\"ff_screen_reader_title\" style=\"display: block; margin: 0!important;padding: 0!important;height: 0!important;text-indent: -999999px;width: 0!important;overflow:hidden;\">Jetzt abonnieren<\/legend>        <div\n                style=\"display: none!important; position: absolute!important; transform: translateX(1000%)!important;\"\n                class=\"ff-el-group ff-hpsf-container\"\n        >\n            <div class=\"ff-el-input--label asterisk-right\">\n                <label for=\"ff_4_item_sf\" aria-label=\"Contact\">\n                    Contact                <\/label>\n            <\/div>\n            <div class=\"ff-el-input--content\">\n                <input type=\"text\"\n                       name=\"item_4__fluent_sf\"\n                       class=\"ff-el-form-control\"\n                       id=\"ff_4_item_sf\"\n                \/>\n            <\/div>\n        <\/div>\n        <input type='hidden' name='__fluent_form_embded_post_id' value='2867' \/><input type=\"hidden\" id=\"_fluentform_4_fluentformnonce\" name=\"_fluentform_4_fluentformnonce\" value=\"88ae53f398\" \/><input type=\"hidden\" name=\"_wp_http_referer\" value=\"\/weinshop\/wp-json\/wp\/v2\/pages\/2867\" \/><div data-type=\"name-element\" data-name=\"names\" class=\" ff-field_container ff-name-field-wrapper\" ><div class='ff-t-container'><div class='ff-t-cell '><div class='ff-el-group  ff-el-form-top'><div class=\"ff-el-input--label asterisk-right\"><label for='ff_4_names_first_name_' id='label_ff_4_names_first_name_' >Vorname<\/label><\/div><div class='ff-el-input--content'><input type=\"text\" name=\"names[first_name]\" id=\"ff_4_names_first_name_\" class=\"ff-el-form-control\" aria-invalid=\"false\" aria-required=false><\/div><\/div><\/div><div class='ff-t-cell '><div class='ff-el-group  ff-el-form-top'><div class=\"ff-el-input--label asterisk-right\"><label for='ff_4_names_last_name_' id='label_ff_4_names_last_name_' >Nachname<\/label><\/div><div class='ff-el-input--content'><input type=\"text\" name=\"names[last_name]\" id=\"ff_4_names_last_name_\" class=\"ff-el-form-control\" aria-invalid=\"false\" aria-required=false><\/div><\/div><\/div><\/div><\/div><div class='ff-el-group'><div class=\"ff-el-input--label ff-el-is-required asterisk-right\"><label for='ff_4_email' id='label_ff_4_email' aria-label=\"E-Mail\">E-Mail<\/label><\/div><div class='ff-el-input--content'><input type=\"email\" name=\"email\" id=\"ff_4_email\" class=\"ff-el-form-control extra_spaced\" data-name=\"email\"  aria-invalid=\"false\" aria-required=true><\/div><\/div><div class='ff-el-group'><div class='ff-el-input--content'><div class='ff-el-form-check ff-el-form-check-'><label class='ff-el-form-check-label' for='checkbox_a06158a54f709d1f84976c4413a45c79'><input  type=\"checkbox\" name=\"checkbox[]\" data-name=\"checkbox\" class=\"ff-el-form-check-input ff-el-form-check-checkbox\" value=\"Zustimmung zur Datenspeicherung *\"  id='checkbox_a06158a54f709d1f84976c4413a45c79' aria-label='Zustimmung zur Datenspeicherung *' aria-invalid='false' aria-required=true> <span>Zustimmung zur Datenspeicherung *<\/span><\/label><\/div><\/div><\/div><div class='ff-el-group  ff-custom_html' tabindex='-1' data-name=\"custom_html-4_1\" ><p>Ich habe die <a href=\"\/datenschutz\">Datenschutzerkl\u00e4rung<\/a> (vor allem Ziffer 6) zur Kenntnis genommen. F\u00fcr den Versand wird der Anbieter Brevo verwendet. In das Tracking durch Brevo (weitere Informationen unter Ziffer 6 der Datenschutzerkl\u00e4rung) willige ich dabei ausdr\u00fccklich ein.<\/p><\/div><div class='ff-el-group ff-text-left top_merged ff_submit_btn_wrapper'><button type=\"submit\" class=\"ff-btn ff-btn-submit ff-btn-md ff_btn_style\"  aria-label=\"Jetzt abonnieren\">Jetzt abonnieren<\/button><\/div><\/fieldset><\/form><div id='fluentform_4_errors' class='ff-errors-in-stack ff_form_instance_4_1 ff-form-loading_errors ff_form_instance_4_1_errors'><\/div><\/div>            <script type=\"text\/javascript\">\n                window.fluent_form_ff_form_instance_4_1 = {\"id\":\"4\",\"settings\":{\"layout\":{\"labelPlacement\":\"top\",\"helpMessagePlacement\":\"with_label\",\"errorMessagePlacement\":\"inline\",\"cssClassName\":\"\",\"asteriskPlacement\":\"asterisk-right\"},\"restrictions\":{\"denyEmptySubmission\":{\"enabled\":false}}},\"form_instance\":\"ff_form_instance_4_1\",\"form_id_selector\":\"fluentform_4\",\"rules\":{\"names[first_name]\":{\"required\":{\"value\":false,\"message\":\"Dieses Feld ist erforderlich\",\"global_message\":\"Dieses Feld ist erforderlich\",\"global\":true}},\"names[middle_name]\":{\"required\":{\"value\":false,\"message\":\"Dieses Feld ist erforderlich\",\"global_message\":\"Dieses Feld ist erforderlich\",\"global\":true}},\"names[last_name]\":{\"required\":{\"value\":false,\"message\":\"Dieses Feld ist erforderlich\",\"global_message\":\"Dieses Feld ist erforderlich\",\"global\":true}},\"email\":{\"required\":{\"value\":true,\"message\":\"This field is required\",\"global\":false,\"global_message\":\"Dieses Feld ist erforderlich\"},\"email\":{\"value\":true,\"message\":\"This field must contain a valid email\",\"global\":false,\"global_message\":\"Dieses Feld muss eine g\\u00fcltige E-Mail-Adresse enthalten\"}},\"checkbox\":{\"required\":{\"value\":true,\"message\":\"Dieses Feld ist erforderlich\",\"global_message\":\"Dieses Feld ist erforderlich\",\"global\":true}}},\"debounce_time\":300};\n                            <\/script>\n            \n\n\n<h2 class=\"wp-block-heading\">Wichtige Informationen zu unserem Newsletter<\/h2>\n\n\n\n<h3 class=\"wp-block-heading\">Ihre Daten<\/h3>\n\n\n\n<p>Zur Anmeldung zu unserem Newsletter ben\u00f6tigen wir nur Ihre E-Mail-Adresse. Wenn Sie uns aber Ihren Namen verraten, k\u00f6nnen wir Sie netter ansprechen. Ihre Daten werden ausschlie\u00dflich zum Versand des Newsletters verwendet und nicht an Dritte zu Werbezwecken weitergegeben.<\/p>\n\n\n\n<h3 class=\"wp-block-heading\">H\u00e4ufigkeit<\/h3>\n\n\n\n<p>Wir versenden unseren Newsletter unregelm\u00e4\u00dfig, mindestens aber sechs Mal und maximal zw\u00f6lf Mal j\u00e4hrlich. Die H\u00e4ufigkeit der Aussendung ist abh\u00e4ngig von der Anzahl und Dringlichkeit relevanter Themen.<\/p>\n\n\n\n<h3 class=\"wp-block-heading\">Double-Optin und Abmeldung<\/h3>\n\n\n\n<p>Sie erhalten nach Ihrer Anmeldung von uns eine E-Mail mit einem Best\u00e4tigungslink. Erst nach der Best\u00e4tigung Ihrer Anmeldung werden Sie in unserem Verteiler eingetragen. Sie k\u00f6nnen sich jederzeit wieder abmelden, jeder Newsletter enth\u00e4lt dazu einen Abmeldelink. Nat\u00fcrlich k\u00f6nnen Sie sich auch gerne telefonisch, postalisch, per Fax oder E-Mail an <a href=\"mailto:info@weingut-pauser.de\">info@weingut-pauser.de<\/a> abmelden. Im Falle Ihrer Abmeldung l\u00f6schen wir Ihre Daten und verwenden Sie nicht f\u00fcr andere Zwecke.<\/p>\n\n\n\n<h3 class=\"wp-block-heading\">Serverstandort EU<\/h3>\n\n\n\n<p>Zur Verarbeitung unseres Newsletters arbeiten wir mit Brevo zusammen. Das Unternehmen h\u00e4lt die gesetzlichen Vorgaben des Bundesdatenschutzgesetzes (BDSG) sowie der europ\u00e4ischen Datenschutzgrundverordnung (DSGVO) ein und unterh\u00e4lt seine Serverstandorte in der EU. Weitere Hinweise dazu finden Sie in unserer <a href=\"https:\/\/www.weingut-pauser.de\/weinshop\/datenschutz\">Datenschutzerkl\u00e4rung<\/a>.<\/p>\n\n\n\n<h3 class=\"wp-block-heading\">Statistiken<\/h3>\n\n\n\n<p>Zur Verbesserung unseres Service werten wir aus, wie h\u00e4ufig unser Newsletter ge\u00f6ffnet wird und welche Links geklickt werden. Das hilft uns dabei, unsere Inhalte besser Ihren W\u00fcnschen anzupassen und den Newsletter f\u00fcr Sie interessanter zu gestalten. Detaillierte Informationen zum Umgang mit Ihren Daten finden Sie in unseren&nbsp;<a href=\"https:\/\/www.weingut-pauser.de\/weinshop\/datenschutz\" data-type=\"page\" data-id=\"377\">Datenschutzhinweisen<\/a>.<\/p>\n","protected":false},"excerpt":{"rendered":"<p>Mit unserem Newsletter halten wir Sie regelm\u00e4\u00dfig \u00fcber Neuigkeiten aus unserem Weingut auf dem Laufenden. Freuen Sie sich auf exklusive Einblicke in unseren Weinbau, aktuelle Jahrgangs\u00adinformationen, besondere Aktionen sowie Einladungen zu Veranstaltungen und Verkostungen. Unser Newsletter erscheint mehrmals im Jahr \u2013 immer dann, wenn es wirklich etwas zu erz\u00e4hlen gibt. Wir freuen uns sehr, Sie [&hellip;]<\/p>\n","protected":false},"author":2,"featured_media":0,"parent":0,"menu_order":0,"comment_status":"closed","ping_status":"closed","template":"page_fullwidth.php","meta":{"footnotes":""},"class_list":["post-2867","page","type-page","status-publish","hentry"],"_links":{"self":[{"href":"https:\/\/www.weingut-pauser.de\/weinshop\/wp-json\/wp\/v2\/pages\/2867","targetHints":{"allow":["GET"]}}],"collection":[{"href":"https:\/\/www.weingut-pauser.de\/weinshop\/wp-json\/wp\/v2\/pages"}],"about":[{"href":"https:\/\/www.weingut-pauser.de\/weinshop\/wp-json\/wp\/v2\/types\/page"}],"author":[{"embeddable":true,"href":"https:\/\/www.weingut-pauser.de\/weinshop\/wp-json\/wp\/v2\/users\/2"}],"replies":[{"embeddable":true,"href":"https:\/\/www.weingut-pauser.de\/weinshop\/wp-json\/wp\/v2\/comments?post=2867"}],"version-history":[{"count":6,"href":"https:\/\/www.weingut-pauser.de\/weinshop\/wp-json\/wp\/v2\/pages\/2867\/revisions"}],"predecessor-version":[{"id":4252,"href":"https:\/\/www.weingut-pauser.de\/weinshop\/wp-json\/wp\/v2\/pages\/2867\/revisions\/4252"}],"wp:attachment":[{"href":"https:\/\/www.weingut-pauser.de\/weinshop\/wp-json\/wp\/v2\/media?parent=2867"}],"curies":[{"name":"wp","href":"https:\/\/api.w.org\/{rel}","templated":true}]}}