{"id":884,"date":"2018-06-12T13:32:30","date_gmt":"2018-06-12T11:32:30","guid":{"rendered":"http:\/\/p276121.mittwaldserver.info\/pxshopprod\/?page_id=884"},"modified":"2023-12-01T15:18:05","modified_gmt":"2023-12-01T14:18:05","slug":"zahlungsarten","status":"publish","type":"page","link":"https:\/\/www.weingut-pauser.de\/weinshop\/zahlungsarten\/","title":{"rendered":"Zahlungsarten"},"content":{"rendered":"\n<h2 class=\"wp-block-heading\">PayPal<\/h2>\n\n\n\n<p>Mit PayPal k\u00f6nnen Sie bequem und sicher online bargeldlos bezahlen. Wenn Sie noch kein PayPal-Konto besitzen, k\u00f6nnen Sie sich dieses einmalig und kostenfrei hier erstellen. Dazu hinterlegen Sie dort Ihre Bank- und\/oder Kreditkarteninformationen und k\u00f6nnen nach der Verifizierung dieser Daten hier und auf zahlreichen Online-Angeboten mit Ihrer dort hinterlegten E-Mail-Adresse und Ihrem Passwort bezahlen.<\/p>\n\n\n\n<p>PayPal sendet Ihnen f\u00fcr jede Bestellung eine Zahlungsbest\u00e4tigung. Im Falle von R\u00fccksendungen werden wir Ihnen den gutgeschriebenen Betrag wieder zur\u00fcck auf Ihr PayPal-Konto \u00fcberweisen.<\/p>\n\n\n\n<p>Mit PayPal gezahlte Bestellungen werden wir sofort bearbeiten.<\/p>\n\n\n\n<h2 class=\"wp-block-heading\">\u00dcberweisung \/ Vorkasse<\/h2>\n\n\n\n<p>Als Neukunde bitten wir Sie, f\u00fcr Ihre ersten drei Bestellungen den Rechnungsbetrag vor Lieferung an uns zu \u00fcberweisen. Nach der Bestellung erhalten Sie unsere Rechnung, die Sie bitte binnen 7 Tagen auf folgendes Konto \u00fcberweisen:<\/p>\n\n\n\n<p><strong>Bankverbindung:<\/strong><br>Weingut Pauser GbR<br>Volksbank Alzey-Worms eG<br>IBAN: DE14 5509 1200 0001 9263 06<\/p>\n\n\n\n<p>Verwendungszweck: Bitte geben Sie hier die Bestellnummer an.<\/p>\n\n\n\n<p>Sobald der Rechnungsbetrag bei uns gutgeschrieben ist, nehmen wir umgehend die Lieferung vor. Hier\u00fcber erhalten Sie von uns eine separate Benachrichtigung \u00fcber die bei der Bestellung angegebene E-Mail.<\/p>\n\n\n\n<h2 class=\"wp-block-heading\">Zahlung auf Rechnung<\/h2>\n\n\n\n<p>Als Stammkunde (mindestens drei Bestellungen) k\u00f6nnen Sie Ihren Kauf bequem auf Rechnung t\u00e4tigen. Die Lieferung erfolgt schnellstm\u00f6glich nach Ihrer Bestellung, sp\u00e4testens aber innerhalb des bei den Produkten jeweils angegebenen Zeitraums. Mit der Lieferung erhalten Sie auch unsere Rechnung. Bitte \u00fcberweisen Sie diese binnen 7 Tagen auf nachstehendes Konto:<\/p>\n\n\n\n<p><strong>Bankverbindung:<\/strong><br>Weingut Pauser GbR<br>Volksbank Alzey-Worms<br>IBAN: DE14 5509 1200 0001 9263 06<\/p>\n\n\n\n<p>Verwendungszweck: Bitte geben Sie hier die Bestell- oder Rechnungsnummer an.<\/p>\n\n\n\n<h2 class=\"wp-block-heading\">Barzahlung bei Abholung<\/h2>\n\n\n\n<p>Sie sind in unserer N\u00e4he? Dann freuen wir uns besonders auf Ihren Besuch in unserem Weingut! Ihre Bestellungen k\u00f6nnen Sie direkt ab Hof abholen und bei der Abholung in bar bezahlen. Bitte beachten Sie dabei unsere \u00d6ffnungszeiten oder vereinbaren Sie vorher einen konkreten Termin.<\/p>\n\n\n\n<p><a href=\"https:\/\/www.weingut-pauser.de\/kontakt.html\" target=\"_blank\" rel=\"noreferrer noopener\">Jetzt Termin anfragen<\/a><\/p>\n","protected":false},"excerpt":{"rendered":"<p>PayPal Mit PayPal k\u00f6nnen Sie bequem und sicher online bargeldlos bezahlen. Wenn Sie noch kein PayPal-Konto besitzen, k\u00f6nnen Sie sich dieses einmalig und kostenfrei hier erstellen. Dazu hinterlegen Sie dort Ihre Bank- und\/oder Kreditkarteninformationen und k\u00f6nnen nach der Verifizierung dieser Daten hier und auf zahlreichen Online-Angeboten mit Ihrer dort hinterlegten E-Mail-Adresse und Ihrem Passwort bezahlen. [&hellip;]<\/p>\n","protected":false},"author":15,"featured_media":0,"parent":0,"menu_order":0,"comment_status":"closed","ping_status":"closed","template":"page_fullwidth.php","meta":{"footnotes":""},"class_list":["post-884","page","type-page","status-publish","hentry"],"_links":{"self":[{"href":"https:\/\/www.weingut-pauser.de\/weinshop\/wp-json\/wp\/v2\/pages\/884","targetHints":{"allow":["GET"]}}],"collection":[{"href":"https:\/\/www.weingut-pauser.de\/weinshop\/wp-json\/wp\/v2\/pages"}],"about":[{"href":"https:\/\/www.weingut-pauser.de\/weinshop\/wp-json\/wp\/v2\/types\/page"}],"author":[{"embeddable":true,"href":"https:\/\/www.weingut-pauser.de\/weinshop\/wp-json\/wp\/v2\/users\/15"}],"replies":[{"embeddable":true,"href":"https:\/\/www.weingut-pauser.de\/weinshop\/wp-json\/wp\/v2\/comments?post=884"}],"version-history":[{"count":2,"href":"https:\/\/www.weingut-pauser.de\/weinshop\/wp-json\/wp\/v2\/pages\/884\/revisions"}],"predecessor-version":[{"id":3075,"href":"https:\/\/www.weingut-pauser.de\/weinshop\/wp-json\/wp\/v2\/pages\/884\/revisions\/3075"}],"wp:attachment":[{"href":"https:\/\/www.weingut-pauser.de\/weinshop\/wp-json\/wp\/v2\/media?parent=884"}],"curies":[{"name":"wp","href":"https:\/\/api.w.org\/{rel}","templated":true}]}}