{"id":3027,"date":"2023-10-27T07:54:34","date_gmt":"2023-10-27T05:54:34","guid":{"rendered":"https:\/\/www.weingut-pauser.de\/weinshop\/?post_type=product&#038;p=3027"},"modified":"2025-10-22T12:02:23","modified_gmt":"2025-10-22T10:02:23","slug":"chenin-blanc-2","status":"publish","type":"product","link":"https:\/\/www.weingut-pauser.de\/weinshop\/produkt\/chenin-blanc-2\/","title":{"rendered":"Chenin Blanc"},"content":{"rendered":"","protected":false},"excerpt":{"rendered":"<p>Zarter und eleganter Duft, etwas Brioche, leicht kr\u00e4utrig und minzig, am Gaumen angenehme S\u00e4ure, Zitrusnoten, Druck und Mineralit\u00e4t, frisch gepresste Zitrone, sehr vital und lebendig.<\/p>\n","protected":false},"featured_media":3119,"comment_status":"open","ping_status":"closed","template":"","meta":[],"product_brand":[],"product_cat":[139,367],"product_tag":[],"class_list":{"0":"post-3027","1":"product","2":"type-product","3":"status-publish","4":"has-post-thumbnail","6":"product_cat-sekt-und-secco","7":"product_cat-winzersekt-b-a","9":"first","10":"instock","11":"taxable","12":"shipping-taxable","13":"purchasable","14":"product-type-simple"},"_links":{"self":[{"href":"https:\/\/www.weingut-pauser.de\/weinshop\/wp-json\/wp\/v2\/product\/3027","targetHints":{"allow":["GET"]}}],"collection":[{"href":"https:\/\/www.weingut-pauser.de\/weinshop\/wp-json\/wp\/v2\/product"}],"about":[{"href":"https:\/\/www.weingut-pauser.de\/weinshop\/wp-json\/wp\/v2\/types\/product"}],"replies":[{"embeddable":true,"href":"https:\/\/www.weingut-pauser.de\/weinshop\/wp-json\/wp\/v2\/comments?post=3027"}],"wp:featuredmedia":[{"embeddable":true,"href":"https:\/\/www.weingut-pauser.de\/weinshop\/wp-json\/wp\/v2\/media\/3119"}],"wp:attachment":[{"href":"https:\/\/www.weingut-pauser.de\/weinshop\/wp-json\/wp\/v2\/media?parent=3027"}],"wp:term":[{"taxonomy":"product_brand","embeddable":true,"href":"https:\/\/www.weingut-pauser.de\/weinshop\/wp-json\/wp\/v2\/product_brand?post=3027"},{"taxonomy":"product_cat","embeddable":true,"href":"https:\/\/www.weingut-pauser.de\/weinshop\/wp-json\/wp\/v2\/product_cat?post=3027"},{"taxonomy":"product_tag","embeddable":true,"href":"https:\/\/www.weingut-pauser.de\/weinshop\/wp-json\/wp\/v2\/product_tag?post=3027"}],"curies":[{"name":"wp","href":"https:\/\/api.w.org\/{rel}","templated":true}]}}